{"id":16,"date":"2016-01-02T17:32:58","date_gmt":"2016-01-02T16:32:58","guid":{"rendered":"http:\/\/kozene_vyrobky.dark-net.cz\/?page_id=16"},"modified":"2020-03-02T21:13:18","modified_gmt":"2020-03-02T20:13:18","slug":"tradicni-lukostrelba","status":"publish","type":"page","link":"https:\/\/kozene-vyrobky.dark-net.cz\/?page_id=16","title":{"rendered":"Tradi\u010dn\u00ed lukost\u0159elba"},"content":{"rendered":"<p>Po\u0159\u00e1d\u00e1te kulturn\u00ed akci? Chcete sv\u00fdm n\u00e1v\u0161t\u011bvn\u00edk\u016fm nab\u00eddnout zaj\u00edmavou a pou\u010dnou pod\u00edvanou s mo\u017enost\u00ed vyzkou\u0161et si n\u011bco nov\u00e9ho?<\/p>\n<p>Nab\u00edz\u00edm uk\u00e1zky tradi\u010dn\u00ed lukost\u0159elby, mo\u017enost prohl\u00e9dnout si repliky dobov\u00fdch luk\u016f, vyzkou\u0161et si st\u0159elbu na ter\u010d.<\/p>\n<p>POZOR! Pro realizaci uk\u00e1zky tradi\u010dn\u00ed lukost\u0159elby na Va\u0161\u00ed akci je t\u0159eba zajistit ide\u00e1ln\u011b minim\u00e1ln\u011b 20m\u00a0(v p\u0159\u00edpad\u011b, \u017ee chcete st\u0159elbu pro d\u011bti) nebo 40m (v p\u0159\u00edpad\u011b, \u017ee chcete st\u0159elbu i pro dosp\u011bl\u00e9) voln\u00e9ho prostoru ve sm\u011bru st\u0159elby (nesm\u00ed tudy nikdo chodit, nesm\u00ed zde b\u00fdt \u017e\u00e1dn\u00e1 kamenn\u00e1 nebo betonov\u00e1 ze\u010f, d\u016fm apod.) a tak\u00e9 po\u010d\u00edtat s t\u00edm, \u017ee k bezpe\u010dn\u00e9 realizaci tohoto programu je nutn\u00e1 \u00fa\u010dast minim\u00e1ln\u011b dvou lid\u00ed, co\u017e navy\u0161uje jeho celkovou cenu.<\/p>\n<p>Nejste-li si jisti, zda je tato aktivita z technick\u00fdch d\u016fvod\u016f na Va\u0161\u00ed akci realizovateln\u00e1, nev\u00e1hejte n\u00e1m poslat dotaz, ur\u010dit\u011b se n\u011bjak domluv\u00edme.<\/p>\n<p>Pro v\u00edce informac\u00ed m\u011b nev\u00e1hejte kontaktovat.<\/p>\n<p><a href=\"https:\/\/kozene-vyrobky.dark-net.cz\/wp-content\/uploads\/2016\/01\/11698736_890772420971761_2243306205799409646_o.jpg\" rel=\"lightbox[16]\">\u00a0\u00a0\u00a0\u00a0\u00a0\u00a0\u00a0\u00a0\u00a0\u00a0\u00a0\u00a0\u00a0\u00a0\u00a0\u00a0\u00a0\u00a0\u00a0\u00a0\u00a0\u00a0\u00a0\u00a0\u00a0\u00a0\u00a0\u00a0 <img loading=\"lazy\" decoding=\"async\" class=\"alignnone size-medium wp-image-17\" src=\"https:\/\/kozene-vyrobky.dark-net.cz\/wp-content\/uploads\/2016\/01\/11698736_890772420971761_2243306205799409646_o-169x300.jpg\" alt=\"11698736_890772420971761_2243306205799409646_o\" width=\"169\" height=\"300\" srcset=\"https:\/\/kozene-vyrobky.dark-net.cz\/wp-content\/uploads\/2016\/01\/11698736_890772420971761_2243306205799409646_o-169x300.jpg 169w, https:\/\/kozene-vyrobky.dark-net.cz\/wp-content\/uploads\/2016\/01\/11698736_890772420971761_2243306205799409646_o.jpg 541w\" sizes=\"auto, (max-width: 169px) 100vw, 169px\" \/><\/a> <a href=\"https:\/\/kozene-vyrobky.dark-net.cz\/wp-content\/uploads\/2016\/01\/11699051_890771444305192_1094577174014795901_o.jpg\" rel=\"lightbox[16]\"><img loading=\"lazy\" decoding=\"async\" class=\"alignnone size-medium wp-image-20\" src=\"https:\/\/kozene-vyrobky.dark-net.cz\/wp-content\/uploads\/2016\/01\/11699051_890771444305192_1094577174014795901_o-169x300.jpg\" alt=\"11699051_890771444305192_1094577174014795901_o\" width=\"169\" height=\"300\" srcset=\"https:\/\/kozene-vyrobky.dark-net.cz\/wp-content\/uploads\/2016\/01\/11699051_890771444305192_1094577174014795901_o-169x300.jpg 169w, https:\/\/kozene-vyrobky.dark-net.cz\/wp-content\/uploads\/2016\/01\/11699051_890771444305192_1094577174014795901_o.jpg 541w\" sizes=\"auto, (max-width: 169px) 100vw, 169px\" \/><\/a> <a href=\"https:\/\/kozene-vyrobky.dark-net.cz\/wp-content\/uploads\/2016\/01\/11665468_889706577745012_2130874555950694022_n.jpg\" rel=\"lightbox[16]\"><img loading=\"lazy\" decoding=\"async\" class=\"alignnone size-medium wp-image-19\" src=\"https:\/\/kozene-vyrobky.dark-net.cz\/wp-content\/uploads\/2016\/01\/11665468_889706577745012_2130874555950694022_n-300x225.jpg\" alt=\"11665468_889706577745012_2130874555950694022_n\" width=\"300\" height=\"225\" srcset=\"https:\/\/kozene-vyrobky.dark-net.cz\/wp-content\/uploads\/2016\/01\/11665468_889706577745012_2130874555950694022_n-300x225.jpg 300w, https:\/\/kozene-vyrobky.dark-net.cz\/wp-content\/uploads\/2016\/01\/11665468_889706577745012_2130874555950694022_n.jpg 960w\" sizes=\"auto, (max-width: 300px) 100vw, 300px\" \/><\/a><a href=\"https:\/\/kozene-vyrobky.dark-net.cz\/wp-content\/uploads\/2016\/01\/10374471_890771447638525_577413143946623451_n.jpg\" rel=\"lightbox[16]\">\u00a0\u00a0\u00a0\u00a0\u00a0\u00a0\u00a0\u00a0\u00a0\u00a0\u00a0\u00a0\u00a0\u00a0\u00a0\u00a0\u00a0\u00a0\u00a0\u00a0\u00a0\u00a0\u00a0\u00a0\u00a0\u00a0\u00a0\u00a0\u00a0\u00a0\u00a0\u00a0\u00a0\u00a0\u00a0\u00a0\u00a0\u00a0\u00a0\u00a0\u00a0\u00a0\u00a0\u00a0\u00a0\u00a0\u00a0\u00a0\u00a0\u00a0\u00a0\u00a0\u00a0\u00a0\u00a0\u00a0\u00a0\u00a0\u00a0\u00a0\u00a0\u00a0\u00a0\u00a0 \u00a0 \u00a0 \u00a0\u00a0\u00a0\u00a0\u00a0\u00a0\u00a0\u00a0 <img loading=\"lazy\" decoding=\"async\" class=\"alignnone size-medium wp-image-18\" src=\"https:\/\/kozene-vyrobky.dark-net.cz\/wp-content\/uploads\/2016\/01\/10374471_890771447638525_577413143946623451_n-300x169.jpg\" alt=\"10374471_890771447638525_577413143946623451_n\" width=\"300\" height=\"169\" srcset=\"https:\/\/kozene-vyrobky.dark-net.cz\/wp-content\/uploads\/2016\/01\/10374471_890771447638525_577413143946623451_n-300x169.jpg 300w, https:\/\/kozene-vyrobky.dark-net.cz\/wp-content\/uploads\/2016\/01\/10374471_890771447638525_577413143946623451_n.jpg 960w\" sizes=\"auto, (max-width: 300px) 100vw, 300px\" \/><\/a><\/p>\n","protected":false},"excerpt":{"rendered":"<p>Po\u0159\u00e1d\u00e1te kulturn\u00ed akci? Chcete sv\u00fdm n\u00e1v\u0161t\u011bvn\u00edk\u016fm nab\u00eddnout zaj\u00edmavou a pou\u010dnou pod\u00edvanou s mo\u017enost\u00ed vyzkou\u0161et si n\u011bco nov\u00e9ho? Nab\u00edz\u00edm uk\u00e1zky tradi\u010dn\u00ed lukost\u0159elby, mo\u017enost prohl\u00e9dnout si repliky dobov\u00fdch luk\u016f, vyzkou\u0161et si st\u0159elbu na ter\u010d. POZOR! Pro realizaci uk\u00e1zky tradi\u010dn\u00ed lukost\u0159elby na Va\u0161\u00ed akci je t\u0159eba zajistit ide\u00e1ln\u011b minim\u00e1ln\u011b 20m\u00a0(v p\u0159\u00edpad\u011b, \u017ee chcete st\u0159elbu pro d\u011bti) nebo 40m (v p\u0159\u00edpad\u011b, \u017ee chcete st\u0159elbu i pro dosp\u011bl\u00e9) voln\u00e9ho prostoru ve sm\u011bru st\u0159elby (nesm\u00ed tudy nikdo chodit, nesm\u00ed zde b\u00fdt \u017e\u00e1dn\u00e1 kamenn\u00e1 nebo betonov\u00e1 ze\u010f, d\u016fm apod.) a tak\u00e9 po\u010d\u00edtat s t\u00edm, \u017ee k bezpe\u010dn\u00e9 realizaci tohoto programu je nutn\u00e1 \u00fa\u010dast minim\u00e1ln\u011b dvou lid\u00ed, co\u017e navy\u0161uje jeho celkovou cenu. Nejste-li si jisti, zda je tato aktivita z technick\u00fdch d\u016fvod\u016f na Va\u0161\u00ed akci realizovateln\u00e1, nev\u00e1hejte n\u00e1m poslat dotaz, ur\u010dit\u011b se n\u011bjak domluv\u00edme. Pro v\u00edce informac\u00ed m\u011b nev\u00e1hejte kontaktovat. \u00a0\u00a0\u00a0\u00a0\u00a0\u00a0\u00a0\u00a0\u00a0\u00a0\u00a0\u00a0\u00a0\u00a0\u00a0\u00a0\u00a0\u00a0\u00a0\u00a0\u00a0\u00a0\u00a0\u00a0\u00a0\u00a0\u00a0\u00a0 \u00a0\u00a0\u00a0\u00a0\u00a0\u00a0\u00a0\u00a0\u00a0\u00a0\u00a0\u00a0\u00a0\u00a0\u00a0\u00a0\u00a0\u00a0\u00a0\u00a0\u00a0\u00a0\u00a0\u00a0\u00a0\u00a0\u00a0\u00a0\u00a0\u00a0\u00a0\u00a0\u00a0\u00a0\u00a0\u00a0\u00a0\u00a0\u00a0\u00a0\u00a0\u00a0\u00a0\u00a0\u00a0\u00a0\u00a0\u00a0\u00a0\u00a0\u00a0\u00a0\u00a0\u00a0\u00a0\u00a0\u00a0\u00a0\u00a0\u00a0\u00a0\u00a0\u00a0\u00a0 \u00a0 \u00a0 \u00a0\u00a0\u00a0\u00a0\u00a0\u00a0\u00a0\u00a0<\/p>\n","protected":false},"author":1,"featured_media":0,"parent":0,"menu_order":0,"comment_status":"closed","ping_status":"closed","template":"","meta":{"footnotes":""},"class_list":["post-16","page","type-page","status-publish","hentry"],"_links":{"self":[{"href":"https:\/\/kozene-vyrobky.dark-net.cz\/index.php?rest_route=\/wp\/v2\/pages\/16","targetHints":{"allow":["GET"]}}],"collection":[{"href":"https:\/\/kozene-vyrobky.dark-net.cz\/index.php?rest_route=\/wp\/v2\/pages"}],"about":[{"href":"https:\/\/kozene-vyrobky.dark-net.cz\/index.php?rest_route=\/wp\/v2\/types\/page"}],"author":[{"embeddable":true,"href":"https:\/\/kozene-vyrobky.dark-net.cz\/index.php?rest_route=\/wp\/v2\/users\/1"}],"replies":[{"embeddable":true,"href":"https:\/\/kozene-vyrobky.dark-net.cz\/index.php?rest_route=%2Fwp%2Fv2%2Fcomments&post=16"}],"version-history":[{"count":7,"href":"https:\/\/kozene-vyrobky.dark-net.cz\/index.php?rest_route=\/wp\/v2\/pages\/16\/revisions"}],"predecessor-version":[{"id":240,"href":"https:\/\/kozene-vyrobky.dark-net.cz\/index.php?rest_route=\/wp\/v2\/pages\/16\/revisions\/240"}],"wp:attachment":[{"href":"https:\/\/kozene-vyrobky.dark-net.cz\/index.php?rest_route=%2Fwp%2Fv2%2Fmedia&parent=16"}],"curies":[{"name":"wp","href":"https:\/\/api.w.org\/{rel}","templated":true}]}}